




{"id":344,"date":"2024-06-04T12:08:25","date_gmt":"2024-06-04T10:08:25","guid":{"rendered":"https:\/\/projektninja.com\/devblog\/?page_id=344"},"modified":"2024-06-15T17:06:44","modified_gmt":"2024-06-15T15:06:44","slug":"dummy-page","status":"publish","type":"page","link":"https:\/\/projektninja.com\/devblog\/dummy-page\/","title":{"rendered":"Dummy page"},"content":{"rendered":"\n<section class=\"wp-block-group has-global-padding is-layout-constrained wp-block-group-is-layout-constrained\">\n<h1 class=\"wp-block-heading\">Tu pojedyncze, pe\u0142ne z&nbsp;setk\u0105 naboi!<\/h1>\n\n\n\n<h1 class=\"wp-block-heading\">Moja Strona<\/h1>\n\n\n\n<p><a href=\"#home\">Home<\/a><a href=\"#about\">About<\/a><a href=\"#services\">Services<\/a><a href=\"#contact\">Contact<\/a><\/p>\n\n\n\n<h1 class=\"wp-block-heading\">Przyk\u0142adowa Strona HTML<\/h1>\n\n\n\n<h2 class=\"wp-block-heading\">Podtytu\u0142 H2<\/h2>\n\n\n\n<h3 class=\"wp-block-heading\">Podtytu\u0142 H3<\/h3>\n\n\n\n<h4 class=\"wp-block-heading\">Podtytu\u0142 H4<\/h4>\n\n\n\n<h5 class=\"wp-block-heading\">Podtytu\u0142 H5<\/h5>\n\n\n\n<h6 class=\"wp-block-heading\">Podtytu\u0142 H6<\/h6>\n\n\n\n<p>Lorem ipsum dolor sit amet, consectetur adipiscing elit. Nullam venenatis risus vel est pharetra, in interdum quam efficitur. Curabitur rutrum dolor at nisl lacinia, nec cursus urna tempus.<\/p>\n\n\n\n<ul class=\"wp-block-list\">\n<li>Punkt pierwszy z listy punktowanej<\/li>\n\n\n\n<li>Punkt drugi z listy punktowanej<\/li>\n\n\n\n<li>Punkt trzeci z listy punktowanej<\/li>\n<\/ul>\n\n\n\n<ol class=\"wp-block-list\">\n<li>Punkt pierwszy z listy numerowanej<\/li>\n\n\n\n<li>Punkt drugi z listy numerowanej<\/li>\n\n\n\n<li>Punkt trzeci z listy numerowanej<\/li>\n<\/ol>\n\n\n\n<blockquote class=\"wp-block-quote is-layout-flow wp-block-quote-is-layout-flow\">\n<p>&#8220;To jest przyk\u0142adowy cytat, kt\u00f3ry wygl\u0105da elegancko i dodaje charakteru stronie internetowej.&#8221; &#8211; Autor Cytatu<\/p>\n<\/blockquote>\n\n\n\n<hr class=\"wp-block-separator has-alpha-channel-opacity\"\/>\n\n\n\n<p>Przycisk<\/p>\n\n\n\n<figure class=\"wp-block-table\"><table><tbody><tr><th>Nag\u0142\u00f3wek 1<\/th><th>Nag\u0142\u00f3wek 2<\/th><th>Nag\u0142\u00f3wek 3<\/th><\/tr><tr><td>Dane 1<\/td><td>Dane 2<\/td><td>Dane 3<\/td><\/tr><tr><td>Dane 4<\/td><td>Dane 5<\/td><td>Dane 6<\/td><\/tr><\/tbody><\/table><\/figure>\n\n\n\n<p>Pole tekstowe:<\/p>\n\n\n\n<p>Email:<\/p>\n\n\n\n<p>Has\u0142o:<\/p>\n\n\n\n<p>Data:<\/p>\n\n\n\n<p>Kolor:<\/p>\n\n\n\n<p>Plik:<\/p>\n\n\n\n<p>Zakres:<\/p>\n\n\n\n<p>Pole tekstowe:<\/p>\n\n\n\n<p>Wyb\u00f3r:<br>&nbsp; &nbsp;&nbsp; &nbsp;&nbsp; &nbsp;Opcja 1&nbsp; &nbsp;&nbsp; &nbsp;&nbsp; &nbsp;Opcja 2&nbsp; &nbsp;&nbsp; &nbsp;&nbsp; &nbsp;Opcja 3&nbsp; &nbsp; &nbsp;<\/p>\n\n\n\n<figure class=\"wp-block-image\"><img decoding=\"async\" src=\"https:\/\/via.placeholder.com\/100\" alt=\"Obraz 1\"\/><\/figure>\n\n\n\n<figure class=\"wp-block-image\"><img decoding=\"async\" src=\"https:\/\/via.placeholder.com\/100\" alt=\"Obraz 2\"\/><\/figure>\n\n\n\n<figure class=\"wp-block-image\"><img decoding=\"async\" src=\"https:\/\/via.placeholder.com\/100\" alt=\"Obraz 3\"\/><\/figure>\n\n\n\n<hr class=\"wp-block-separator has-alpha-channel-opacity\"\/>\n\n\n\n<p>Szukaj:<\/p>\n\n\n\n<h3 class=\"wp-block-heading\">Card Title<\/h3>\n\n\n\n<p>Lorem ipsum dolor sit amet, consectetur adipiscing elit. Nullam venenatis risus vel est pharetra.<\/p>\n\n\n\n<p>Odwied\u017a nasz\u0105&nbsp;<a href=\"https:\/\/example.com\">stron\u0119 g\u0142\u00f3wn\u0105<\/a>&nbsp;po wi\u0119cej informacji.<\/p>\n\n\n\n<figure class=\"wp-block-image\"><img decoding=\"async\" src=\"https:\/\/via.placeholder.com\/400\" alt=\"Przyk\u0142adowy obrazek\"\/><\/figure>\n\n\n\n<figure class=\"wp-block-video\"><\/figure>\n\n\n\n<figure class=\"wp-block-image\"><a href=\"#\"><img decoding=\"async\" src=\"https:\/\/via.placeholder.com\/24\" alt=\"Facebook\"\/><\/a><\/figure>\n\n\n\n<figure class=\"wp-block-image\"><a href=\"#\"><img decoding=\"async\" src=\"https:\/\/via.placeholder.com\/24\" alt=\"Twitter\"\/><\/a><\/figure>\n\n\n\n<figure class=\"wp-block-image\"><a href=\"#\"><img decoding=\"async\" src=\"https:\/\/via.placeholder.com\/24\" alt=\"Instagram\"\/><\/a><\/figure>\n\n\n\n<h4 class=\"wp-block-heading\">Komentarz u\u017cytkownika<\/h4>\n\n\n\n<p>To jest przyk\u0142adowy komentarz u\u017cytkownika na stronie internetowej. Lorem ipsum dolor sit amet, consectetur adipiscing elit.<\/p>\n\n\n\n<p>Kontakt: kontakt@example.com | Telefon: 123-456-789<\/p>\n\n\n\n<p><a href=\"privacy.html\">Polityka prywatno\u015bci<\/a>&nbsp;|&nbsp;<a href=\"terms.html\">Warunki korzystania<\/a><\/p>\n<\/section>\n","protected":false},"excerpt":{"rendered":"<p>Tu pojedyncze, pe\u0142ne z&nbsp;setk\u0105 naboi! Moja Strona HomeAboutServicesContact Przyk\u0142adowa Strona HTML Podtytu\u0142 H2 Podtytu\u0142 H3 Podtytu\u0142 H4 Podtytu\u0142 H5 Podtytu\u0142 H6 Lorem ipsum dolor sit amet, consectetur adipiscing elit. Nullam venenatis risus vel est pharetra, in interdum quam efficitur. Curabitur rutrum dolor at nisl lacinia, nec cursus urna tempus. &#8220;To jest przyk\u0142adowy cytat, kt\u00f3ry wygl\u0105da [&hellip;]<\/p>\n","protected":false},"author":1,"featured_media":0,"parent":0,"menu_order":0,"comment_status":"closed","ping_status":"closed","template":"","meta":{"footnotes":""},"class_list":["post-344","page","type-page","status-publish","hentry"],"aioseo_notices":[],"_links":{"self":[{"href":"https:\/\/projektninja.com\/devblog\/wp-json\/wp\/v2\/pages\/344","targetHints":{"allow":["GET"]}}],"collection":[{"href":"https:\/\/projektninja.com\/devblog\/wp-json\/wp\/v2\/pages"}],"about":[{"href":"https:\/\/projektninja.com\/devblog\/wp-json\/wp\/v2\/types\/page"}],"author":[{"embeddable":true,"href":"https:\/\/projektninja.com\/devblog\/wp-json\/wp\/v2\/users\/1"}],"replies":[{"embeddable":true,"href":"https:\/\/projektninja.com\/devblog\/wp-json\/wp\/v2\/comments?post=344"}],"version-history":[{"count":4,"href":"https:\/\/projektninja.com\/devblog\/wp-json\/wp\/v2\/pages\/344\/revisions"}],"predecessor-version":[{"id":650,"href":"https:\/\/projektninja.com\/devblog\/wp-json\/wp\/v2\/pages\/344\/revisions\/650"}],"wp:attachment":[{"href":"https:\/\/projektninja.com\/devblog\/wp-json\/wp\/v2\/media?parent=344"}],"curies":[{"name":"wp","href":"https:\/\/api.w.org\/{rel}","templated":true}]}}